{"id":8522,"date":"2016-02-27T23:09:13","date_gmt":"2016-02-27T23:09:13","guid":{"rendered":"http:\/\/bowe-germany.de\/?page_id=8522"},"modified":"2025-10-24T10:41:08","modified_gmt":"2025-10-24T08:41:08","slug":"faq","status":"publish","type":"page","link":"https:\/\/bowe-germany.de\/en\/faq\/","title":{"rendered":"FAQ"},"content":{"rendered":"<div class=\"fusion-fullwidth fullwidth-box fusion-builder-row-1 hundred-percent-fullwidth non-hundred-percent-height-scrolling\" style=\"--awb-border-radius-top-left:0px;--awb-border-radius-top-right:0px;--awb-border-radius-bottom-right:0px;--awb-border-radius-bottom-left:0px;--awb-overflow:visible;--awb-margin-top:-5px;--awb-flex-wrap:wrap;\" ><div class=\"fusion-builder-row fusion-row\"><div class=\"fusion-layout-column fusion_builder_column fusion-builder-column-0 fusion_builder_column_1_1 1_1 fusion-one-full fusion-column-first fusion-column-last fusion-column-no-min-height\" style=\"--awb-bg-size:cover;--awb-margin-bottom:0px;\"><div class=\"fusion-column-wrapper fusion-flex-column-wrapper-legacy\"><div class=\"fusion-title title fusion-title-1 sep-underline sep-solid fusion-title-text fusion-title-size-one\"><h1 class=\"fusion-title-heading title-heading-left\" style=\"margin:0;\">FAQ<\/h1><\/div><div class=\"fusion-sep-clear\"><\/div><div class=\"fusion-separator fusion-full-width-sep\" style=\"margin-left: auto;margin-right: auto;margin-top:10px;margin-bottom:px;width:100%;\"><\/div><div class=\"fusion-sep-clear\"><\/div><div class=\"accordian fusion-accordian\" style=\"--awb-border-size:1px;--awb-icon-size:13px;--awb-content-font-size:16px;--awb-icon-alignment:left;--awb-hover-color:#f9f9f9;--awb-border-color:#cccccc;--awb-background-color:#ffffff;--awb-divider-color:#e0dede;--awb-divider-hover-color:#e0dede;--awb-icon-color:#ffffff;--awb-title-color:#006935;--awb-content-color:#424242;--awb-icon-box-color:#333333;--awb-toggle-hover-accent-color:#9e9e9e;--awb-title-font-family:&quot;Lato&quot;;--awb-title-font-weight:400;--awb-title-font-style:normal;--awb-content-font-family:&quot;Titillium Web&quot;;--awb-content-font-style:normal;--awb-content-font-weight:300;\"><div class=\"panel-group fusion-toggle-icon-boxed\" id=\"accordion-8522-1\"><div class=\"fusion-panel panel-default panel-a36dcd139050c73b4 fusion-toggle-has-divider\"><div class=\"panel-heading\"><h4 class=\"panel-title toggle\" id=\"toggle_a36dcd139050c73b4\"><a aria-expanded=\"false\" aria-controls=\"a36dcd139050c73b4\" role=\"button\" data-toggle=\"collapse\" data-parent=\"#accordion-8522-1\" data-target=\"#a36dcd139050c73b4\" href=\"#a36dcd139050c73b4\"><span class=\"fusion-toggle-icon-wrapper\" aria-hidden=\"true\"><i class=\"fa-fusion-box active-icon awb-icon-minus\" aria-hidden=\"true\"><\/i><i class=\"fa-fusion-box inactive-icon awb-icon-plus\" aria-hidden=\"true\"><\/i><\/span><span class=\"fusion-toggle-heading\">Where can I find the connected loads, dimensions and weights of the dry cleaning machines?<\/span><\/a><\/h4><\/div><div id=\"a36dcd139050c73b4\" class=\"panel-collapse collapse \" aria-labelledby=\"toggle_a36dcd139050c73b4\"><div class=\"panel-body toggle-content fusion-clearfix\">\n<p>The connected loads, dimensions and weights can be found in the installation instructions for the respective B\u00d6WE dry cleaning machine. However, these are only approximate values, as weights and dimensions vary depending on the design. Please contact us for binding values.<\/p>\n<\/div><\/div><\/div><div class=\"fusion-panel panel-default panel-8f541bdfd92cf8437 fusion-toggle-has-divider\" style=\"--awb-title-color:#006935;--awb-content-color:#424242;\"><div class=\"panel-heading\"><h4 class=\"panel-title toggle\" id=\"toggle_8f541bdfd92cf8437\"><a aria-expanded=\"false\" aria-controls=\"8f541bdfd92cf8437\" role=\"button\" data-toggle=\"collapse\" data-parent=\"#accordion-8522-1\" data-target=\"#8f541bdfd92cf8437\" href=\"#8f541bdfd92cf8437\"><span class=\"fusion-toggle-icon-wrapper\" aria-hidden=\"true\"><i class=\"fa-fusion-box active-icon awb-icon-minus\" aria-hidden=\"true\"><\/i><i class=\"fa-fusion-box inactive-icon awb-icon-plus\" aria-hidden=\"true\"><\/i><\/span><span class=\"fusion-toggle-heading\">Where can B\u00d6WE dry cleaning machines be purchased?<\/span><\/a><\/h4><\/div><div id=\"8f541bdfd92cf8437\" class=\"panel-collapse collapse \" aria-labelledby=\"toggle_8f541bdfd92cf8437\"><div class=\"panel-body toggle-content fusion-clearfix\">\n<p>To obtain prices and offers for a B\u00d6WE dry cleaning machine in Germany, please contact our sales partners in Germany.<br \/>\nTo obtain prices and offers for a B\u00d6WE dry cleaning machine abroad, please contact the sales department of the B\u00d6WE Textile Cleaning GmbH. Please use our <a href=\"http:\/\/bowe-germany.de\/en\/contact\/\"><strong>contact form<\/strong><\/a> and send us your inquiry. We will then forward your inquiry to the responsible dealer worldwide, who will contact you.<\/p>\n<\/div><\/div><\/div><div class=\"fusion-panel panel-default panel-0f3c862fafe18cea3 fusion-toggle-has-divider\" style=\"--awb-title-color:#006935;--awb-content-color:#424242;\"><div class=\"panel-heading\"><h4 class=\"panel-title toggle\" id=\"toggle_0f3c862fafe18cea3\"><a aria-expanded=\"false\" aria-controls=\"0f3c862fafe18cea3\" role=\"button\" data-toggle=\"collapse\" data-parent=\"#accordion-8522-1\" data-target=\"#0f3c862fafe18cea3\" href=\"#0f3c862fafe18cea3\"><span class=\"fusion-toggle-icon-wrapper\" aria-hidden=\"true\"><i class=\"fa-fusion-box active-icon awb-icon-minus\" aria-hidden=\"true\"><\/i><i class=\"fa-fusion-box inactive-icon awb-icon-plus\" aria-hidden=\"true\"><\/i><\/span><span class=\"fusion-toggle-heading\">Where can I find service support or technical assistance?<\/span><\/a><\/h4><\/div><div id=\"0f3c862fafe18cea3\" class=\"panel-collapse collapse \" aria-labelledby=\"toggle_0f3c862fafe18cea3\"><div class=\"panel-body toggle-content fusion-clearfix\">\n<p>For national and international service work please contact the service department of B\u00d6WE Textile Cleaning GmbH. Please use our <a href=\"http:\/\/bowe-germany.de\/en\/service-request\/\"><strong>service inquiry<\/strong> <strong>form<\/strong><\/a> for this purpose. It will be processed immediately or forwarded to a service technician worldwide who will contact you.<\/p>\n<\/div><\/div><\/div><div class=\"fusion-panel panel-default panel-1c067ea051101681e fusion-toggle-has-divider\" style=\"--awb-title-color:#006935;--awb-content-color:#424242;\"><div class=\"panel-heading\"><h4 class=\"panel-title toggle\" id=\"toggle_1c067ea051101681e\"><a aria-expanded=\"false\" aria-controls=\"1c067ea051101681e\" role=\"button\" data-toggle=\"collapse\" data-parent=\"#accordion-8522-1\" data-target=\"#1c067ea051101681e\" href=\"#1c067ea051101681e\"><span class=\"fusion-toggle-icon-wrapper\" aria-hidden=\"true\"><i class=\"fa-fusion-box active-icon awb-icon-minus\" aria-hidden=\"true\"><\/i><i class=\"fa-fusion-box inactive-icon awb-icon-plus\" aria-hidden=\"true\"><\/i><\/span><span class=\"fusion-toggle-heading\">Where can I get spare parts for B\u00d6WE dry cleaning machines?<\/span><\/a><\/h4><\/div><div id=\"1c067ea051101681e\" class=\"panel-collapse collapse \" aria-labelledby=\"toggle_1c067ea051101681e\"><div class=\"panel-body toggle-content fusion-clearfix\">\n<p>Spare parts can be ordered via the B\u00d6WE webshop <strong><a href=\"https:\/\/www.bowe-webshop.com\/en\/\">www.bowe-webshop.com<\/a>, <\/strong>at our spare parts department or by contacting our local dealers and customer services.<\/p>\n<\/div><\/div><\/div><div class=\"fusion-panel panel-default panel-c394e5d594f1e04ca fusion-toggle-has-divider\" style=\"--awb-title-color:#006935;--awb-content-color:#424242;\"><div class=\"panel-heading\"><h4 class=\"panel-title toggle\" id=\"toggle_c394e5d594f1e04ca\"><a aria-expanded=\"false\" aria-controls=\"c394e5d594f1e04ca\" role=\"button\" data-toggle=\"collapse\" data-parent=\"#accordion-8522-1\" data-target=\"#c394e5d594f1e04ca\" href=\"#c394e5d594f1e04ca\"><span class=\"fusion-toggle-icon-wrapper\" aria-hidden=\"true\"><i class=\"fa-fusion-box active-icon awb-icon-minus\" aria-hidden=\"true\"><\/i><i class=\"fa-fusion-box inactive-icon awb-icon-plus\" aria-hidden=\"true\"><\/i><\/span><span class=\"fusion-toggle-heading\">Why should I choose a B\u00d6WE dry cleaning machine?<\/span><\/a><\/h4><\/div><div id=\"c394e5d594f1e04ca\" class=\"panel-collapse collapse \" aria-labelledby=\"toggle_c394e5d594f1e04ca\"><div class=\"panel-body toggle-content fusion-clearfix\">\n<p>B\u00d6WE dry cleaning machines have an average service life of 25 years, consume very little energy and require very little maintenance. The company has an excellent service reputation and offers environmentally friendly machines which, compared to equivalent machines from other manufacturers, cost less over the entire life of the machine. In 80 years of continuous development, B\u00d6WE has become a leading manufacturer of dry cleaning machines worldwide.<\/p>\n<\/div><\/div><\/div><div class=\"fusion-panel panel-default panel-6c0965d1ee67e231f fusion-toggle-has-divider\" style=\"--awb-title-color:#006935;--awb-content-color:#424242;\"><div class=\"panel-heading\"><h4 class=\"panel-title toggle\" id=\"toggle_6c0965d1ee67e231f\"><a aria-expanded=\"false\" aria-controls=\"6c0965d1ee67e231f\" role=\"button\" data-toggle=\"collapse\" data-parent=\"#accordion-8522-1\" data-target=\"#6c0965d1ee67e231f\" href=\"#6c0965d1ee67e231f\"><span class=\"fusion-toggle-icon-wrapper\" aria-hidden=\"true\"><i class=\"fa-fusion-box active-icon awb-icon-minus\" aria-hidden=\"true\"><\/i><i class=\"fa-fusion-box inactive-icon awb-icon-plus\" aria-hidden=\"true\"><\/i><\/span><span class=\"fusion-toggle-heading\">What is the life cycle of a dry cleaning machine?<\/span><\/a><\/h4><\/div><div id=\"6c0965d1ee67e231f\" class=\"panel-collapse collapse \" aria-labelledby=\"toggle_6c0965d1ee67e231f\"><div class=\"panel-body toggle-content fusion-clearfix\">\n<p>A dry cleaning machine life is expressed in years, from the time of purchase to the time of replacement. B\u00d6WE dry cleaning machines stand for quality and experience shows that they have a service life of around 25 years.<\/p>\n<\/div><\/div><\/div><div class=\"fusion-panel panel-default panel-abeec5854a58a7866 fusion-toggle-has-divider\" style=\"--awb-title-color:#006935;--awb-content-color:#424242;\"><div class=\"panel-heading\"><h4 class=\"panel-title toggle\" id=\"toggle_abeec5854a58a7866\"><a aria-expanded=\"false\" aria-controls=\"abeec5854a58a7866\" role=\"button\" data-toggle=\"collapse\" data-parent=\"#accordion-8522-1\" data-target=\"#abeec5854a58a7866\" href=\"#abeec5854a58a7866\"><span class=\"fusion-toggle-icon-wrapper\" aria-hidden=\"true\"><i class=\"fa-fusion-box active-icon awb-icon-minus\" aria-hidden=\"true\"><\/i><i class=\"fa-fusion-box inactive-icon awb-icon-plus\" aria-hidden=\"true\"><\/i><\/span><span class=\"fusion-toggle-heading\">Can the solvent K4 be used with B\u00d6WE Multisolvent\u00ae machines?<\/span><\/a><\/h4><\/div><div id=\"abeec5854a58a7866\" class=\"panel-collapse collapse \" aria-labelledby=\"toggle_abeec5854a58a7866\"><div class=\"panel-body toggle-content fusion-clearfix\">\n<p>B\u00d6WE Multisolvent\u00ae machines run smoothly with Kreussler&#8217;s K4 solvent. Only the software of the machine has to be adapted to the solvent. As an option, the textiles can be ventilated after drying by means of a valve in conjunction with the loading door ventilation, thus reducing the inherent odour of K4.<\/p>\n<\/div><\/div><\/div><div class=\"fusion-panel panel-default panel-54bdc432050966dd6 fusion-toggle-has-divider\" style=\"--awb-title-color:#006935;--awb-content-color:#424242;\"><div class=\"panel-heading\"><h4 class=\"panel-title toggle\" id=\"toggle_54bdc432050966dd6\"><a aria-expanded=\"false\" aria-controls=\"54bdc432050966dd6\" role=\"button\" data-toggle=\"collapse\" data-parent=\"#accordion-8522-1\" data-target=\"#54bdc432050966dd6\" href=\"#54bdc432050966dd6\"><span class=\"fusion-toggle-icon-wrapper\" aria-hidden=\"true\"><i class=\"fa-fusion-box active-icon awb-icon-minus\" aria-hidden=\"true\"><\/i><i class=\"fa-fusion-box inactive-icon awb-icon-plus\" aria-hidden=\"true\"><\/i><\/span><span class=\"fusion-toggle-heading\">Can all common solvents alternative to PERC be used in B\u00d6WE Multisolvent\u00ae dry cleaning machines? <\/span><\/a><\/h4><\/div><div id=\"54bdc432050966dd6\" class=\"panel-collapse collapse \" aria-labelledby=\"toggle_54bdc432050966dd6\"><div class=\"panel-body toggle-content fusion-clearfix\">\n<p>B\u00d6WE PremiumLine machines work with many alternative solvents. Thanks to efficient drying, round air ducts, dynamic drum perforation and cataphoretic coatings, a B\u00d6WE M machine is suitable for using all solvents that are lighter than water. The B\u00d6WE iLine Multisolvent\u00ae dry cleaning machines can also use all alternative solvents. The solvents HC, GreenEarth\u00ae, Sensene, Intense and Higlo are frequently used. Conversion to another solvent only requires a software update, without mechanical modifications.<\/p>\n<\/div><\/div><\/div><div class=\"fusion-panel panel-default panel-c81e7b756a13efe64 fusion-toggle-has-divider\" style=\"--awb-title-color:#006935;--awb-content-color:#424242;\"><div class=\"panel-heading\"><h4 class=\"panel-title toggle\" id=\"toggle_c81e7b756a13efe64\"><a aria-expanded=\"false\" aria-controls=\"c81e7b756a13efe64\" role=\"button\" data-toggle=\"collapse\" data-parent=\"#accordion-8522-1\" data-target=\"#c81e7b756a13efe64\" href=\"#c81e7b756a13efe64\"><span class=\"fusion-toggle-icon-wrapper\" aria-hidden=\"true\"><i class=\"fa-fusion-box active-icon awb-icon-minus\" aria-hidden=\"true\"><\/i><i class=\"fa-fusion-box inactive-icon awb-icon-plus\" aria-hidden=\"true\"><\/i><\/span><span class=\"fusion-toggle-heading\">Can a B\u00d6WE PERC dry cleaning machine be converted into a Multisolvent\u00ae dry cleaning machine?<\/span><\/a><\/h4><\/div><div id=\"c81e7b756a13efe64\" class=\"panel-collapse collapse \" aria-labelledby=\"toggle_c81e7b756a13efe64\"><div class=\"panel-body toggle-content fusion-clearfix\">\n<p>Yes! B\u00d6WE Textile Cleaning GmbH is the only manufacturer of dry cleaning machines offering a conversion kit for converting a B\u00d6WE PERC dry cleaning machine into a B\u00d6WE Multisolvent\u00ae dry cleaning machine.<\/p>\n<\/div><\/div><\/div><div class=\"fusion-panel panel-default panel-56f4b07cba30dc146 fusion-toggle-has-divider\" style=\"--awb-title-color:#006935;--awb-content-color:#424242;\"><div class=\"panel-heading\"><h4 class=\"panel-title toggle\" id=\"toggle_56f4b07cba30dc146\"><a aria-expanded=\"false\" aria-controls=\"56f4b07cba30dc146\" role=\"button\" data-toggle=\"collapse\" data-parent=\"#accordion-8522-1\" data-target=\"#56f4b07cba30dc146\" href=\"#56f4b07cba30dc146\"><span class=\"fusion-toggle-icon-wrapper\" aria-hidden=\"true\"><i class=\"fa-fusion-box active-icon awb-icon-minus\" aria-hidden=\"true\"><\/i><i class=\"fa-fusion-box inactive-icon awb-icon-plus\" aria-hidden=\"true\"><\/i><\/span><span class=\"fusion-toggle-heading\">What is the difference between the different solvents?<\/span><\/a><\/h4><\/div><div id=\"56f4b07cba30dc146\" class=\"panel-collapse collapse \" aria-labelledby=\"toggle_56f4b07cba30dc146\"><div class=\"panel-body toggle-content fusion-clearfix\">\n<p>We have made the effort and have shown the difference in figures. The <strong><a href=\"https:\/\/bowe-germany.de\/wp-content\/uploads\/2022\/07\/2022-07-Factbook_EN.pdf\">solvent comparison table<\/a><\/strong> in our Factbook provides information about which solvent is better suited for which application. However, we would like to invite you to our <strong><a href=\"http:\/\/bowe-germany.de\/en\/showroom\/\">showroom ACADEMY<\/a><\/strong> in Sasbach in the Black Forest, where all solvents can be tested.<\/p>\n<\/div><\/div><\/div><\/div><\/div><div class=\"fusion-clearfix\"><\/div><\/div><\/div><\/div><\/div>\n","protected":false},"excerpt":{"rendered":"","protected":false},"author":1,"featured_media":0,"parent":0,"menu_order":0,"comment_status":"closed","ping_status":"closed","template":"","meta":{"footnotes":""},"class_list":["post-8522","page","type-page","status-publish","hentry"],"yoast_head":"<!-- This site is optimized with the Yoast SEO plugin v26.7 - https:\/\/yoast.com\/wordpress\/plugins\/seo\/ -->\n<title>FAQ - B\u00d6WE Textile Cleaning GmbH<\/title>\n<meta name=\"robots\" content=\"index, follow, max-snippet:-1, max-image-preview:large, max-video-preview:-1\" \/>\n<link rel=\"canonical\" href=\"https:\/\/bowe-germany.de\/en\/faq\/\" \/>\n<meta property=\"og:locale\" content=\"en_US\" \/>\n<meta property=\"og:type\" content=\"article\" \/>\n<meta property=\"og:title\" content=\"FAQ - B\u00d6WE Textile Cleaning GmbH\" \/>\n<meta property=\"og:url\" content=\"https:\/\/bowe-germany.de\/en\/faq\/\" \/>\n<meta property=\"og:site_name\" content=\"B\u00d6WE Textile Cleaning GmbH\" \/>\n<meta property=\"article:modified_time\" content=\"2025-10-24T08:41:08+00:00\" \/>\n<meta name=\"twitter:card\" content=\"summary_large_image\" \/>\n<meta name=\"twitter:label1\" content=\"Est. reading time\" \/>\n\t<meta name=\"twitter:data1\" content=\"4 minutes\" \/>\n<script type=\"application\/ld+json\" class=\"yoast-schema-graph\">{\"@context\":\"https:\/\/schema.org\",\"@graph\":[{\"@type\":\"WebPage\",\"@id\":\"https:\/\/bowe-germany.de\/en\/faq\/\",\"url\":\"https:\/\/bowe-germany.de\/en\/faq\/\",\"name\":\"FAQ - B\u00d6WE Textile Cleaning GmbH\",\"isPartOf\":{\"@id\":\"https:\/\/bowe-germany.de\/#website\"},\"datePublished\":\"2016-02-27T23:09:13+00:00\",\"dateModified\":\"2025-10-24T08:41:08+00:00\",\"breadcrumb\":{\"@id\":\"https:\/\/bowe-germany.de\/en\/faq\/#breadcrumb\"},\"inLanguage\":\"en-US\",\"potentialAction\":[{\"@type\":\"ReadAction\",\"target\":[\"https:\/\/bowe-germany.de\/en\/faq\/\"]}]},{\"@type\":\"BreadcrumbList\",\"@id\":\"https:\/\/bowe-germany.de\/en\/faq\/#breadcrumb\",\"itemListElement\":[{\"@type\":\"ListItem\",\"position\":1,\"name\":\"Startseite\",\"item\":\"https:\/\/bowe-germany.de\/en\/\"},{\"@type\":\"ListItem\",\"position\":2,\"name\":\"FAQ\"}]},{\"@type\":\"WebSite\",\"@id\":\"https:\/\/bowe-germany.de\/#website\",\"url\":\"https:\/\/bowe-germany.de\/\",\"name\":\"B\u00d6WE Textile Cleaning GmbH\",\"description\":\"Professional Dry Cleaning &amp; Laundry Solutions\",\"potentialAction\":[{\"@type\":\"SearchAction\",\"target\":{\"@type\":\"EntryPoint\",\"urlTemplate\":\"https:\/\/bowe-germany.de\/?s={search_term_string}\"},\"query-input\":{\"@type\":\"PropertyValueSpecification\",\"valueRequired\":true,\"valueName\":\"search_term_string\"}}],\"inLanguage\":\"en-US\"}]}<\/script>\n<!-- \/ Yoast SEO plugin. -->","yoast_head_json":{"title":"FAQ - B\u00d6WE Textile Cleaning GmbH","robots":{"index":"index","follow":"follow","max-snippet":"max-snippet:-1","max-image-preview":"max-image-preview:large","max-video-preview":"max-video-preview:-1"},"canonical":"https:\/\/bowe-germany.de\/en\/faq\/","og_locale":"en_US","og_type":"article","og_title":"FAQ - B\u00d6WE Textile Cleaning GmbH","og_url":"https:\/\/bowe-germany.de\/en\/faq\/","og_site_name":"B\u00d6WE Textile Cleaning GmbH","article_modified_time":"2025-10-24T08:41:08+00:00","twitter_card":"summary_large_image","twitter_misc":{"Est. reading time":"4 minutes"},"schema":{"@context":"https:\/\/schema.org","@graph":[{"@type":"WebPage","@id":"https:\/\/bowe-germany.de\/en\/faq\/","url":"https:\/\/bowe-germany.de\/en\/faq\/","name":"FAQ - B\u00d6WE Textile Cleaning GmbH","isPartOf":{"@id":"https:\/\/bowe-germany.de\/#website"},"datePublished":"2016-02-27T23:09:13+00:00","dateModified":"2025-10-24T08:41:08+00:00","breadcrumb":{"@id":"https:\/\/bowe-germany.de\/en\/faq\/#breadcrumb"},"inLanguage":"en-US","potentialAction":[{"@type":"ReadAction","target":["https:\/\/bowe-germany.de\/en\/faq\/"]}]},{"@type":"BreadcrumbList","@id":"https:\/\/bowe-germany.de\/en\/faq\/#breadcrumb","itemListElement":[{"@type":"ListItem","position":1,"name":"Startseite","item":"https:\/\/bowe-germany.de\/en\/"},{"@type":"ListItem","position":2,"name":"FAQ"}]},{"@type":"WebSite","@id":"https:\/\/bowe-germany.de\/#website","url":"https:\/\/bowe-germany.de\/","name":"B\u00d6WE Textile Cleaning GmbH","description":"Professional Dry Cleaning &amp; Laundry Solutions","potentialAction":[{"@type":"SearchAction","target":{"@type":"EntryPoint","urlTemplate":"https:\/\/bowe-germany.de\/?s={search_term_string}"},"query-input":{"@type":"PropertyValueSpecification","valueRequired":true,"valueName":"search_term_string"}}],"inLanguage":"en-US"}]}},"_links":{"self":[{"href":"https:\/\/bowe-germany.de\/en\/wp-json\/wp\/v2\/pages\/8522","targetHints":{"allow":["GET"]}}],"collection":[{"href":"https:\/\/bowe-germany.de\/en\/wp-json\/wp\/v2\/pages"}],"about":[{"href":"https:\/\/bowe-germany.de\/en\/wp-json\/wp\/v2\/types\/page"}],"author":[{"embeddable":true,"href":"https:\/\/bowe-germany.de\/en\/wp-json\/wp\/v2\/users\/1"}],"replies":[{"embeddable":true,"href":"https:\/\/bowe-germany.de\/en\/wp-json\/wp\/v2\/comments?post=8522"}],"version-history":[{"count":2,"href":"https:\/\/bowe-germany.de\/en\/wp-json\/wp\/v2\/pages\/8522\/revisions"}],"predecessor-version":[{"id":15492,"href":"https:\/\/bowe-germany.de\/en\/wp-json\/wp\/v2\/pages\/8522\/revisions\/15492"}],"wp:attachment":[{"href":"https:\/\/bowe-germany.de\/en\/wp-json\/wp\/v2\/media?parent=8522"}],"curies":[{"name":"wp","href":"https:\/\/api.w.org\/{rel}","templated":true}]}}